{"id":13,"date":"2023-07-23T09:24:47","date_gmt":"2023-07-23T09:24:47","guid":{"rendered":"https:\/\/new.ffamorbach.de\/?page_id=13"},"modified":"2023-11-01T11:50:32","modified_gmt":"2023-11-01T10:50:32","slug":"jugend-bambini","status":"publish","type":"page","link":"https:\/\/ffamorbach.de\/index.php\/jugend-bambini\/","title":{"rendered":"Jugend\/Bambini"},"content":{"rendered":"\n<div class=\"wp-block-group alignwide animated animated-fadeInUp is-layout-flow wp-container-core-group-is-layout-7e9db60e wp-block-group-is-layout-flow\" style=\"padding-right:20px;padding-left:20px\">\n<h2 class=\"wp-block-heading has-text-align-left animated animated-fadeInUp has-slider-title-font-size\" style=\"line-height:1.3\">Jugend<\/h2>\n\n\n\n<div style=\"height:33px\" aria-hidden=\"true\" class=\"wp-block-spacer\"><\/div>\n\n\n\n<p class=\"has-text-align-left\">Die Jugendgruppe der Feuerwehr Amorbach wird in den Bereichen Brandschutz und der einfachen technischen Hilfeleistung ausgebildet. Aber auch Erste Hilfe, handwerkliches Geschick und teambildende Ma\u00dfnahmen stehen auf dem \u00dcbungsplan. In den Wintermonaten findet die Ausbildung im Ger\u00e4tehaus in Amorbach statt. Hier ist der Fokus der Jugendgruppe auf die Bereiche Fahrzeug- u. Ger\u00e4tekunde, Knoten und Stiche sowie der Unfallverh\u00fctung und des Theoretischen Brandschutzes gerichtet. In den Sommermonaten findet die praktische Ausbildung mit den Feuerwehrger\u00e4ten statt &#8211; oft sind die Jugendlichen dazu im Stadtgebiet unterwegs.<\/p>\n\n\n\n<p>Wir haben dein Interesse geweckt? Sprech uns gerne an!<\/p>\n\n\n\n<div style=\"height:33px\" aria-hidden=\"true\" class=\"wp-block-spacer\"><\/div>\n\n\n\n<div class=\"wp-block-columns is-layout-flex wp-container-core-columns-is-layout-28f84493 wp-block-columns-is-layout-flex\">\n<div class=\"wp-block-column is-layout-flow wp-block-column-is-layout-flow\" style=\"flex-basis:45%\">\n<div class=\"wp-block-group has-background-secondary-background-color has-background is-content-justification-left is-layout-constrained wp-container-core-group-is-layout-f7b07097 wp-block-group-is-layout-constrained\" style=\"margin-top:0px;margin-bottom:0px;padding-top:10px;padding-right:10px;padding-bottom:10px;padding-left:10px\">\n<div class=\"wp-block-columns is-not-stacked-on-mobile is-layout-flex wp-container-core-columns-is-layout-28f84493 wp-block-columns-is-layout-flex\">\n<div class=\"wp-block-column is-vertically-aligned-center is-layout-flow wp-block-column-is-layout-flow\" style=\"flex-basis:33.33%\">\n<figure class=\"wp-block-image size-full is-resized\"><img loading=\"lazy\" decoding=\"async\" width=\"512\" height=\"512\" src=\"https:\/\/new.ffamorbach.de\/wp-content\/uploads\/static_content\/icons\/user.png\" alt=\"\" class=\"wp-image-1006\" style=\"width:150px;height:undefinedpx\" srcset=\"https:\/\/ffamorbach.de\/wp-content\/uploads\/static_content\/icons\/user.png 512w, https:\/\/ffamorbach.de\/wp-content\/uploads\/static_content\/icons\/user-300x300.png 300w, https:\/\/ffamorbach.de\/wp-content\/uploads\/static_content\/icons\/user-150x150.png 150w\" sizes=\"auto, (max-width: 512px) 100vw, 512px\" \/><\/figure>\n<\/div>\n\n\n\n<div class=\"wp-block-column is-vertically-aligned-center is-layout-flow wp-block-column-is-layout-flow\" style=\"flex-basis:66.66%\">\n<div class=\"wp-block-group is-layout-constrained wp-block-group-is-layout-constrained\">\n<h6 class=\"wp-block-heading has-text-align-center\" id=\"single\" style=\"font-size:20px\"><strong>Jugendwart<\/strong><\/h6>\n\n\n\n<p class=\"has-text-align-center has-body-text-color has-text-color has-normal-font-size\" style=\"line-height:1.5\">Lukas H\u00e4fner<\/p>\n\n\n\n<div class=\"wp-block-buttons alignfull is-horizontal is-content-justification-center is-layout-flex wp-container-core-buttons-is-layout-ecd33c62 wp-block-buttons-is-layout-flex\">\n<div class=\"wp-block-button has-custom-width wp-block-button__width-100 has-custom-font-size is-style-outline has-small-font-size is-style-outline--1\"><a class=\"wp-block-button__link no-border-radius wp-element-button\" href=\"mailto:jugendwart@ffamorbach.de\">jugendwart@ffamorbach.de<\/a><\/div>\n<\/div>\n<\/div>\n<\/div>\n<\/div>\n<\/div>\n<\/div>\n<\/div>\n\n\n\n<div style=\"height:33px\" aria-hidden=\"true\" class=\"wp-block-spacer\"><\/div>\n\n\n\n<div class=\"wp-block-group alignwide is-layout-constrained wp-block-group-is-layout-constrained\">\n<div class=\"wp-block-columns alignwide is-layout-flex wp-container-core-columns-is-layout-c6bc58be wp-block-columns-is-layout-flex\" style=\"padding-top:0px;padding-right:0px;padding-bottom:0px;padding-left:0px\">\n<div class=\"wp-block-column is-vertically-aligned-bottom is-layout-flow wp-block-column-is-layout-flow\" style=\"flex-basis:60%\">\n<div class=\"wp-block-group is-layout-flow wp-block-group-is-layout-flow\">\n<div class=\"wp-block-cover has-custom-content-position is-position-bottom-left\" style=\"padding-top:40px;padding-right:40px;padding-bottom:40px;padding-left:40px;min-height:520px;aspect-ratio:unset;\"><span aria-hidden=\"true\" class=\"wp-block-cover__background has-background-dim-30 has-background-dim wp-block-cover__gradient-background has-background-gradient\" style=\"background:linear-gradient(180deg,rgba(0,0,0,0.18) 0%,rgb(0,0,0) 87%)\"><\/span><img loading=\"lazy\" decoding=\"async\" width=\"800\" height=\"600\" class=\"wp-block-cover__image-background wp-image-1054\" alt=\"\" src=\"https:\/\/ffamorbach.de\/wp-content\/uploads\/static_content\/images\/jugend_1.jpg\" data-object-fit=\"cover\" srcset=\"https:\/\/ffamorbach.de\/wp-content\/uploads\/static_content\/images\/jugend_1.jpg 800w, https:\/\/ffamorbach.de\/wp-content\/uploads\/static_content\/images\/jugend_1-300x225.jpg 300w, https:\/\/ffamorbach.de\/wp-content\/uploads\/static_content\/images\/jugend_1-768x576.jpg 768w\" sizes=\"auto, (max-width: 800px) 100vw, 800px\" \/><div class=\"wp-block-cover__inner-container is-layout-flow wp-block-cover-is-layout-flow\">\n<div class=\"wp-block-group is-layout-flow wp-container-core-group-is-layout-47e5a185 wp-block-group-is-layout-flow\">\n<h2 class=\"wp-block-heading has-text-align-left has-background-color has-text-color has-large-font-size\" style=\"font-style:normal;font-weight:600\"><\/h2>\n<\/div>\n<\/div><\/div>\n<\/div>\n<\/div>\n\n\n\n<div class=\"wp-block-column is-layout-flow wp-container-core-column-is-layout-dd5ee366 wp-block-column-is-layout-flow\" style=\"padding-top:0px;padding-right:0px;padding-bottom:0px;padding-left:0px\">\n<div class=\"wp-block-group is-layout-flow wp-block-group-is-layout-flow\">\n<div class=\"wp-block-cover is-light has-custom-content-position is-position-bottom-left\" style=\"padding-top:40px;padding-right:40px;padding-bottom:40px;padding-left:40px;min-height:250px;aspect-ratio:unset;\"><span aria-hidden=\"true\" class=\"wp-block-cover__background has-background-dim-30 has-background-dim wp-block-cover__gradient-background has-background-gradient\" style=\"background:linear-gradient(180deg,rgba(0,0,0,0.13) 3%,rgba(9,9,9,0.92) 91%)\"><\/span><img loading=\"lazy\" decoding=\"async\" width=\"800\" height=\"600\" class=\"wp-block-cover__image-background wp-image-1052\" alt=\"\" src=\"https:\/\/ffamorbach.de\/wp-content\/uploads\/static_content\/images\/jugend_3.jpg\" data-object-fit=\"cover\" srcset=\"https:\/\/ffamorbach.de\/wp-content\/uploads\/static_content\/images\/jugend_3.jpg 800w, https:\/\/ffamorbach.de\/wp-content\/uploads\/static_content\/images\/jugend_3-300x225.jpg 300w, https:\/\/ffamorbach.de\/wp-content\/uploads\/static_content\/images\/jugend_3-768x576.jpg 768w\" sizes=\"auto, (max-width: 800px) 100vw, 800px\" \/><div class=\"wp-block-cover__inner-container is-layout-flow wp-block-cover-is-layout-flow\">\n<p class=\"has-text-align-center has-large-font-size\"><\/p>\n<\/div><\/div>\n<\/div>\n\n\n\n<div class=\"wp-block-group is-layout-flow wp-block-group-is-layout-flow\" style=\"padding-top:20px\">\n<div class=\"wp-block-cover has-custom-content-position is-position-bottom-left\" style=\"padding-top:40px;padding-right:40px;padding-bottom:40px;padding-left:40px;min-height:250px;aspect-ratio:unset;\"><span aria-hidden=\"true\" class=\"wp-block-cover__background has-background-dim-30 has-background-dim wp-block-cover__gradient-background has-background-gradient\" style=\"background:linear-gradient(180deg,rgba(0,0,0,0) 0%,rgb(8,8,8) 84%)\"><\/span><img loading=\"lazy\" decoding=\"async\" width=\"800\" height=\"600\" class=\"wp-block-cover__image-background wp-image-1055\" alt=\"\" src=\"https:\/\/ffamorbach.de\/wp-content\/uploads\/static_content\/images\/jugend_2.jpg\" data-object-fit=\"cover\" srcset=\"https:\/\/ffamorbach.de\/wp-content\/uploads\/static_content\/images\/jugend_2.jpg 800w, https:\/\/ffamorbach.de\/wp-content\/uploads\/static_content\/images\/jugend_2-300x225.jpg 300w, https:\/\/ffamorbach.de\/wp-content\/uploads\/static_content\/images\/jugend_2-768x576.jpg 768w\" sizes=\"auto, (max-width: 800px) 100vw, 800px\" \/><div class=\"wp-block-cover__inner-container is-layout-flow wp-block-cover-is-layout-flow\">\n<div style=\"height:0px\" aria-hidden=\"true\" class=\"wp-block-spacer\"><\/div>\n<\/div><\/div>\n<\/div>\n<\/div>\n<\/div>\n<\/div>\n<\/div>\n\n\n\n<div class=\"wp-block-group alignfull has-foreground-background-color has-background is-layout-flow wp-container-core-group-is-layout-287e4b37 wp-block-group-is-layout-flow\" style=\"padding-top:0px;padding-right:0px;padding-bottom:0px;padding-left:0px\">\n<div class=\"wp-block-cover alignfull\"><span aria-hidden=\"true\" class=\"wp-block-cover__background has-white-background-color has-background-dim-0 has-background-dim\"><\/span><img loading=\"lazy\" decoding=\"async\" width=\"3546\" height=\"1313\" class=\"wp-block-cover__image-background wp-image-995\" alt=\"\" src=\"https:\/\/ffamorbach.de\/wp-content\/uploads\/static_content\/images\/banner-daumenhoch-jugend.png\" style=\"object-position:50% 91%\" data-object-fit=\"cover\" data-object-position=\"50% 91%\" srcset=\"https:\/\/ffamorbach.de\/wp-content\/uploads\/static_content\/images\/banner-daumenhoch-jugend.png 3546w, https:\/\/ffamorbach.de\/wp-content\/uploads\/static_content\/images\/banner-daumenhoch-jugend-300x111.png 300w, https:\/\/ffamorbach.de\/wp-content\/uploads\/static_content\/images\/banner-daumenhoch-jugend-1024x379.png 1024w, https:\/\/ffamorbach.de\/wp-content\/uploads\/static_content\/images\/banner-daumenhoch-jugend-768x284.png 768w, https:\/\/ffamorbach.de\/wp-content\/uploads\/static_content\/images\/banner-daumenhoch-jugend-1536x569.png 1536w, https:\/\/ffamorbach.de\/wp-content\/uploads\/static_content\/images\/banner-daumenhoch-jugend-2048x758.png 2048w\" sizes=\"auto, (max-width: 3546px) 100vw, 3546px\" \/><div class=\"wp-block-cover__inner-container is-layout-flow wp-block-cover-is-layout-flow\">\n<p class=\"has-text-align-center has-large-font-size\"><\/p>\n<\/div><\/div>\n<\/div>\n\n\n\n<div class=\"wp-block-group alignwide animated animated-fadeInUp is-layout-flow wp-container-core-group-is-layout-cf65dc0d wp-block-group-is-layout-flow\" style=\"padding-top:60px;padding-right:20px;padding-bottom:60px;padding-left:20px\">\n<div class=\"wp-block-group alignwide is-layout-flow wp-container-core-group-is-layout-2c762ce3 wp-block-group-is-layout-flow\" style=\"padding-bottom:30px\">\n<div class=\"wp-block-group alignwide is-content-justification-space-between is-nowrap is-layout-flex wp-container-core-group-is-layout-49b6d7a6 wp-block-group-is-layout-flex\" style=\"padding-top:0px;padding-right:0px;padding-bottom:0px;padding-left:0px\">\n<div class=\"wp-block-group is-layout-constrained wp-container-core-group-is-layout-00831e1a wp-block-group-is-layout-constrained\">\n<h2 class=\"wp-block-heading has-text-align-left has-slider-title-font-size\" style=\"line-height:1.3\">Bambini<\/h2>\n<\/div>\n<\/div>\n<\/div>\n\n\n\n<p>Vor einigen Jahren haben wir eine neue Jugendgruppe der Feuerwehr Amorbach gegr\u00fcndet, in der es darum geht die Feuerwehr n\u00e4her kennen zu lernen und das mit jeder Menge Gaudi, Spiel und Spa\u00df wie z. B. Wasserspritzen, das Kennenlernen unserer Autos und vieles mehr &#8230;<br>Bei Interesse k\u00f6nnt ihr euch gerne bei uns melden.<\/p>\n\n\n\n<div style=\"height:33px\" aria-hidden=\"true\" class=\"wp-block-spacer\"><\/div>\n\n\n\n<div class=\"wp-block-columns is-layout-flex wp-container-core-columns-is-layout-28f84493 wp-block-columns-is-layout-flex\">\n<div class=\"wp-block-column is-layout-flow wp-block-column-is-layout-flow\" style=\"flex-basis:45%\">\n<div class=\"wp-block-group has-background-secondary-background-color has-background is-content-justification-left is-layout-constrained wp-container-core-group-is-layout-f7b07097 wp-block-group-is-layout-constrained\" style=\"margin-top:0px;margin-bottom:0px;padding-top:10px;padding-right:10px;padding-bottom:10px;padding-left:10px\">\n<div class=\"wp-block-columns is-not-stacked-on-mobile is-layout-flex wp-container-core-columns-is-layout-28f84493 wp-block-columns-is-layout-flex\">\n<div class=\"wp-block-column is-vertically-aligned-center is-layout-flow wp-block-column-is-layout-flow\" style=\"flex-basis:33.33%\">\n<figure class=\"wp-block-image size-full is-resized\"><img loading=\"lazy\" decoding=\"async\" width=\"512\" height=\"512\" src=\"https:\/\/new.ffamorbach.de\/wp-content\/uploads\/static_content\/icons\/user.png\" alt=\"\" class=\"wp-image-1006\" style=\"width:150px;height:undefinedpx\" srcset=\"https:\/\/ffamorbach.de\/wp-content\/uploads\/static_content\/icons\/user.png 512w, https:\/\/ffamorbach.de\/wp-content\/uploads\/static_content\/icons\/user-300x300.png 300w, https:\/\/ffamorbach.de\/wp-content\/uploads\/static_content\/icons\/user-150x150.png 150w\" sizes=\"auto, (max-width: 512px) 100vw, 512px\" \/><\/figure>\n<\/div>\n\n\n\n<div class=\"wp-block-column is-vertically-aligned-center is-layout-flow wp-block-column-is-layout-flow\" style=\"flex-basis:66.66%\">\n<div class=\"wp-block-group is-layout-constrained wp-block-group-is-layout-constrained\">\n<h6 class=\"wp-block-heading has-text-align-center\" id=\"single\" style=\"font-size:20px\"><strong>Bambiniwart<\/strong><\/h6>\n\n\n\n<p class=\"has-text-align-center has-body-text-color has-text-color has-normal-font-size\" style=\"line-height:1.5\">B\u00e4rbel Berberich<\/p>\n\n\n\n<div class=\"wp-block-buttons alignfull is-horizontal is-content-justification-center is-layout-flex wp-container-core-buttons-is-layout-ecd33c62 wp-block-buttons-is-layout-flex\">\n<div class=\"wp-block-button has-custom-width wp-block-button__width-100 has-custom-font-size is-style-outline has-small-font-size is-style-outline--2\"><a class=\"wp-block-button__link no-border-radius wp-element-button\" href=\"mailto:bambini@ffamorbach.de\">bambini@ffamorbach.de<\/a><\/div>\n<\/div>\n<\/div>\n<\/div>\n<\/div>\n<\/div>\n<\/div>\n<\/div>\n\n\n\n<div style=\"height:33px\" aria-hidden=\"true\" class=\"wp-block-spacer\"><\/div>\n\n\n\n<div class=\"wp-block-columns alignwide is-layout-flex wp-container-core-columns-is-layout-c6bc58be wp-block-columns-is-layout-flex\" style=\"padding-top:0px;padding-right:0px;padding-bottom:0px;padding-left:0px\">\n<div class=\"wp-block-column is-layout-flow wp-container-core-column-is-layout-dd5ee366 wp-block-column-is-layout-flow\" style=\"padding-top:0px;padding-right:0px;padding-bottom:0px;padding-left:0px\">\n<div class=\"wp-block-group is-layout-flow wp-block-group-is-layout-flow\">\n<div class=\"wp-block-cover has-custom-content-position is-position-bottom-left\" style=\"padding-top:40px;padding-right:40px;padding-bottom:40px;padding-left:40px;min-height:250px;aspect-ratio:unset;\"><span aria-hidden=\"true\" class=\"wp-block-cover__background has-background-dim-30 has-background-dim wp-block-cover__gradient-background has-background-gradient\" style=\"background:linear-gradient(180deg,rgba(0,0,0,0.13) 3%,rgba(9,9,9,0.92) 91%)\"><\/span><img loading=\"lazy\" decoding=\"async\" width=\"800\" height=\"801\" class=\"wp-block-cover__image-background wp-image-1053\" alt=\"\" src=\"https:\/\/ffamorbach.de\/wp-content\/uploads\/static_content\/images\/bambini_3.jpg\" data-object-fit=\"cover\" srcset=\"https:\/\/ffamorbach.de\/wp-content\/uploads\/static_content\/images\/bambini_3.jpg 800w, https:\/\/ffamorbach.de\/wp-content\/uploads\/static_content\/images\/bambini_3-300x300.jpg 300w, https:\/\/ffamorbach.de\/wp-content\/uploads\/static_content\/images\/bambini_3-150x150.jpg 150w, https:\/\/ffamorbach.de\/wp-content\/uploads\/static_content\/images\/bambini_3-768x769.jpg 768w\" sizes=\"auto, (max-width: 800px) 100vw, 800px\" \/><div class=\"wp-block-cover__inner-container is-layout-flow wp-block-cover-is-layout-flow\">\n<div style=\"height:27px\" aria-hidden=\"true\" class=\"wp-block-spacer\"><\/div>\n\n\n\n<div class=\"wp-block-group is-layout-flow wp-container-core-group-is-layout-47e5a185 wp-block-group-is-layout-flow\">\n<h2 class=\"wp-block-heading has-text-align-left has-background-color has-text-color has-large-font-size\" style=\"font-style:normal;font-weight:600\"><\/h2>\n<\/div>\n<\/div><\/div>\n<\/div>\n\n\n\n<div class=\"wp-block-group is-layout-flow wp-block-group-is-layout-flow\" style=\"padding-top:20px\">\n<div class=\"wp-block-cover has-custom-content-position is-position-bottom-left\" style=\"padding-top:40px;padding-right:40px;padding-bottom:40px;padding-left:40px;min-height:250px;aspect-ratio:unset;\"><span aria-hidden=\"true\" class=\"wp-block-cover__background has-background-dim-30 has-background-dim wp-block-cover__gradient-background has-background-gradient\" style=\"background:linear-gradient(180deg,rgba(0,0,0,0) 0%,rgb(8,8,8) 84%)\"><\/span><img loading=\"lazy\" decoding=\"async\" width=\"800\" height=\"1050\" class=\"wp-block-cover__image-background wp-image-1056\" alt=\"\" src=\"https:\/\/ffamorbach.de\/wp-content\/uploads\/static_content\/images\/bambini_2.jpg\" data-object-fit=\"cover\" srcset=\"https:\/\/ffamorbach.de\/wp-content\/uploads\/static_content\/images\/bambini_2.jpg 800w, https:\/\/ffamorbach.de\/wp-content\/uploads\/static_content\/images\/bambini_2-229x300.jpg 229w, https:\/\/ffamorbach.de\/wp-content\/uploads\/static_content\/images\/bambini_2-780x1024.jpg 780w, https:\/\/ffamorbach.de\/wp-content\/uploads\/static_content\/images\/bambini_2-768x1008.jpg 768w\" sizes=\"auto, (max-width: 800px) 100vw, 800px\" \/><div class=\"wp-block-cover__inner-container is-layout-flow wp-block-cover-is-layout-flow\">\n<div style=\"height:0px\" aria-hidden=\"true\" class=\"wp-block-spacer\"><\/div>\n\n\n\n<div class=\"wp-block-group is-layout-flow wp-container-core-group-is-layout-47e5a185 wp-block-group-is-layout-flow\">\n<h2 class=\"wp-block-heading has-text-align-left has-background-color has-text-color has-large-font-size\" style=\"font-style:normal;font-weight:600\"><\/h2>\n<\/div>\n<\/div><\/div>\n<\/div>\n<\/div>\n\n\n\n<div class=\"wp-block-column is-vertically-aligned-bottom is-layout-flow wp-block-column-is-layout-flow\" style=\"flex-basis:60%\">\n<div class=\"wp-block-group is-layout-flow wp-block-group-is-layout-flow\">\n<div class=\"wp-block-cover has-custom-content-position is-position-bottom-left\" style=\"padding-top:40px;padding-right:40px;padding-bottom:40px;padding-left:40px;min-height:520px;aspect-ratio:unset;\"><span aria-hidden=\"true\" class=\"wp-block-cover__background has-background-dim-30 has-background-dim wp-block-cover__gradient-background has-background-gradient\" style=\"background:linear-gradient(180deg,rgba(0,0,0,0.18) 0%,rgb(0,0,0) 87%)\"><\/span><img loading=\"lazy\" decoding=\"async\" width=\"800\" height=\"622\" class=\"wp-block-cover__image-background wp-image-1067\" alt=\"\" src=\"https:\/\/ffamorbach.de\/wp-content\/uploads\/static_content\/images\/bambini_1.jpg\" data-object-fit=\"cover\" srcset=\"https:\/\/ffamorbach.de\/wp-content\/uploads\/static_content\/images\/bambini_1.jpg 800w, https:\/\/ffamorbach.de\/wp-content\/uploads\/static_content\/images\/bambini_1-300x233.jpg 300w, https:\/\/ffamorbach.de\/wp-content\/uploads\/static_content\/images\/bambini_1-768x597.jpg 768w\" sizes=\"auto, (max-width: 800px) 100vw, 800px\" \/><div class=\"wp-block-cover__inner-container is-layout-flow wp-block-cover-is-layout-flow\">\n<div class=\"wp-block-group is-layout-flow wp-container-core-group-is-layout-47e5a185 wp-block-group-is-layout-flow\">\n<h2 class=\"wp-block-heading has-text-align-left has-background-color has-text-color has-large-font-size\" style=\"font-style:normal;font-weight:600\"><\/h2>\n<\/div>\n<\/div><\/div>\n<\/div>\n<\/div>\n<\/div>\n<\/div>\n","protected":false},"excerpt":{"rendered":"<p>Jugend Die Jugendgruppe der Feuerwehr Amorbach wird in den Bereichen Brandschutz und der einfachen technischen [&hellip;]<\/p>\n","protected":false},"author":1,"featured_media":0,"parent":0,"menu_order":0,"comment_status":"closed","ping_status":"closed","template":"","meta":{"footnotes":""},"class_list":["post-13","page","type-page","status-publish","hentry"],"mb":[],"mfb_rest_fields":["title"],"_links":{"self":[{"href":"https:\/\/ffamorbach.de\/index.php\/wp-json\/wp\/v2\/pages\/13","targetHints":{"allow":["GET"]}}],"collection":[{"href":"https:\/\/ffamorbach.de\/index.php\/wp-json\/wp\/v2\/pages"}],"about":[{"href":"https:\/\/ffamorbach.de\/index.php\/wp-json\/wp\/v2\/types\/page"}],"author":[{"embeddable":true,"href":"https:\/\/ffamorbach.de\/index.php\/wp-json\/wp\/v2\/users\/1"}],"replies":[{"embeddable":true,"href":"https:\/\/ffamorbach.de\/index.php\/wp-json\/wp\/v2\/comments?post=13"}],"version-history":[{"count":15,"href":"https:\/\/ffamorbach.de\/index.php\/wp-json\/wp\/v2\/pages\/13\/revisions"}],"predecessor-version":[{"id":2785,"href":"https:\/\/ffamorbach.de\/index.php\/wp-json\/wp\/v2\/pages\/13\/revisions\/2785"}],"wp:attachment":[{"href":"https:\/\/ffamorbach.de\/index.php\/wp-json\/wp\/v2\/media?parent=13"}],"curies":[{"name":"wp","href":"https:\/\/api.w.org\/{rel}","templated":true}]}}