{"id":15,"date":"2023-07-23T09:25:11","date_gmt":"2023-07-23T09:25:11","guid":{"rendered":"https:\/\/new.ffamorbach.de\/?page_id=15"},"modified":"2025-12-28T16:26:06","modified_gmt":"2025-12-28T15:26:06","slug":"termine","status":"publish","type":"page","link":"https:\/\/ffamorbach.de\/index.php\/termine\/","title":{"rendered":"Termine"},"content":{"rendered":"\n<div class=\"wp-block-group alignwide animated animated-fadeInUp is-layout-flow wp-block-group-is-layout-flow\" style=\"padding-top:20px;padding-right:20px;padding-bottom:20px;padding-left:20px\">\n<h2 class=\"wp-block-heading alignwide\">\u00dcbungspl\u00e4ne<\/h2>\n\n\n\n<p>Nachfolgend stehen die aktuellen \u00dcbungspl\u00e4ne der einzelnen Gruppen und eine Gesamt \u00dcbersicht zum Download bereit. \u00dcber die Schaltfl\u00e4che iCal k\u00f6nnen die Termine bequem in den eigenen Kalender importiert werden. <\/p>\n\n\n\n<div class=\"wp-block-columns alignwide is-layout-flex wp-container-core-columns-is-layout-4734d36e wp-block-columns-is-layout-flex\" style=\"padding-top:40px;padding-right:40px;padding-bottom:40px;padding-left:40px\">\n<div class=\"wp-block-column is-layout-flow wp-container-core-column-is-layout-60fedff7 wp-block-column-is-layout-flow\" style=\"padding-right:60px\">\n<div class=\"wp-block-group is-vertical is-content-justification-center is-nowrap is-layout-flex wp-container-core-group-is-layout-d7b04dc7 wp-block-group-is-layout-flex\">\n<h2 class=\"wp-block-heading has-zeever-primary-color has-text-color\" style=\"font-size:21px\">Gesamt<\/h2>\n\n\n\n<div class=\"wp-block-buttons is-content-justification-center is-layout-flex wp-container-core-buttons-is-layout-c124d1c4 wp-block-buttons-is-layout-flex\">\n<div class=\"wp-block-button\"><a class=\"wp-block-button__link wp-element-button\" href=\"https:\/\/ffamorbach.de\/wp-content\/uploads\/static_content\/documents\/uebungsplaene\/Feuerwehr_Amorbach_Uebungsplan_2026.pdf\" target=\"_blank\" rel=\"noreferrer noopener\">PDF<\/a><\/div>\n\n\n\n<div class=\"wp-block-button is-style-outline is-style-outline--1\"><a class=\"wp-block-button__link wp-element-button\" href=\"https:\/\/ffamorbach.de\/wp-content\/uploads\/static_content\/documents\/uebungsplaene\/Feuerwehr_Amorbach_Uebungsplan_2026.ics\">  iCal  <\/a><\/div>\n<\/div>\n<\/div>\n<\/div>\n\n\n\n<div class=\"wp-block-column is-layout-flow wp-container-core-column-is-layout-60fedff7 wp-block-column-is-layout-flow\" style=\"padding-right:60px\">\n<div class=\"wp-block-group is-vertical is-content-justification-center is-layout-flex wp-container-core-group-is-layout-ce155fab wp-block-group-is-layout-flex\">\n<h2 class=\"wp-block-heading has-zeever-primary-color has-text-color\" style=\"font-size:21px\">Aktive<\/h2>\n\n\n\n<div class=\"wp-block-buttons is-content-justification-center is-layout-flex wp-container-core-buttons-is-layout-a89b3969 wp-block-buttons-is-layout-flex\">\n<div class=\"wp-block-button\"><a class=\"wp-block-button__link wp-element-button\" href=\"https:\/\/ffamorbach.de\/wp-content\/uploads\/static_content\/documents\/uebungsplaene\/Feuerwehr_Amorbach_Uebungsplan_2026.pdf\" target=\"_blank\" rel=\"noreferrer noopener\">PDF<\/a><\/div>\n\n\n\n<div class=\"wp-block-button is-style-outline is-style-outline--2\"><a class=\"wp-block-button__link wp-element-button\" href=\"https:\/\/ffamorbach.de\/wp-content\/uploads\/static_content\/documents\/uebungsplaene\/Feuerwehr_Amorbach_Aktive_Uebungsplan_2026.ics\">  iCal  <\/a><\/div>\n<\/div>\n<\/div>\n<\/div>\n\n\n\n<div class=\"wp-block-column is-layout-flow wp-container-core-column-is-layout-60fedff7 wp-block-column-is-layout-flow\" style=\"padding-right:60px\">\n<div class=\"wp-block-group is-vertical is-content-justification-center is-layout-flex wp-container-core-group-is-layout-ce155fab wp-block-group-is-layout-flex\">\n<h2 class=\"wp-block-heading has-zeever-primary-color has-text-color\" style=\"font-size:21px\">Jugend<\/h2>\n\n\n\n<div class=\"wp-block-buttons is-content-justification-center is-layout-flex wp-container-core-buttons-is-layout-a89b3969 wp-block-buttons-is-layout-flex\">\n<div class=\"wp-block-button\"><a class=\"wp-block-button__link wp-element-button\" href=\"https:\/\/ffamorbach.de\/wp-content\/uploads\/static_content\/documents\/uebungsplaene\/Feuerwehr_Amorbach_Jugend_Uebungsplan_2026.pdf\" target=\"_blank\" rel=\"noreferrer noopener\">PDF<\/a><\/div>\n\n\n\n<div class=\"wp-block-button is-style-outline is-style-outline--3\"><a class=\"wp-block-button__link wp-element-button\" href=\"https:\/\/ffamorbach.de\/wp-content\/uploads\/static_content\/documents\/uebungsplaene\/Feuerwehr_Amorbach_Jugend_Uebungsplan_2026.ics\">  iCal  <\/a><\/div>\n<\/div>\n<\/div>\n<\/div>\n\n\n\n<div class=\"wp-block-column is-layout-flow wp-container-core-column-is-layout-60fedff7 wp-block-column-is-layout-flow\" style=\"padding-right:60px\">\n<div class=\"wp-block-group is-vertical is-content-justification-center is-layout-flex wp-container-core-group-is-layout-ce155fab wp-block-group-is-layout-flex\">\n<h2 class=\"wp-block-heading has-zeever-primary-color has-text-color\" style=\"font-size:21px\">Bambini<\/h2>\n\n\n\n<div class=\"wp-block-buttons is-content-justification-center is-layout-flex wp-container-core-buttons-is-layout-a89b3969 wp-block-buttons-is-layout-flex\">\n<div class=\"wp-block-button\"><a class=\"wp-block-button__link wp-element-button\" href=\"https:\/\/ffamorbach.de\/wp-content\/uploads\/static_content\/documents\/uebungsplaene\/Feuerwehr_Amorbach_Bambini_Uebungsplan_2026.pdf\" target=\"_blank\" rel=\"noreferrer noopener\">PDF<\/a><\/div>\n\n\n\n<div class=\"wp-block-button is-style-outline is-style-outline--4\"><a class=\"wp-block-button__link wp-element-button\" href=\"https:\/\/ffamorbach.de\/wp-content\/uploads\/static_content\/documents\/uebungsplaene\/Feuerwehr_Amorbach_Bambini_Uebungsplan_2026.ics\">  iCal  <\/a><\/div>\n<\/div>\n<\/div>\n<\/div>\n<\/div>\n<\/div>\n\n\n\n<div class=\"wp-block-group alignwide animated animated-fadeInUp is-layout-flow wp-container-core-group-is-layout-2eb51271 wp-block-group-is-layout-flow\" style=\"padding-top:20px;padding-right:20px;padding-bottom:20px;padding-left:20px\">\n<h2 class=\"wp-block-heading\">Termine<\/h2>\n\n\n<div class=\"r34ics-ajax-container loading\" id=\"r69de1ab80a5bac7\" data-view=\"month\" data-view-is-list-style=\"0\" data-view-is-list-long=\"0\" data-args=\"2f233905abc303bd61685720d63900d319d40800\" data-js-args=\"{&quot;debug&quot;:null}\">&nbsp;<\/div>\n<\/div>\n","protected":false},"excerpt":{"rendered":"<p>\u00dcbungspl\u00e4ne Nachfolgend stehen die aktuellen \u00dcbungspl\u00e4ne der einzelnen Gruppen und eine Gesamt \u00dcbersicht zum Download [&hellip;]<\/p>\n","protected":false},"author":1,"featured_media":0,"parent":0,"menu_order":0,"comment_status":"closed","ping_status":"closed","template":"","meta":{"footnotes":""},"class_list":["post-15","page","type-page","status-publish","hentry"],"mb":[],"mfb_rest_fields":["title"],"_links":{"self":[{"href":"https:\/\/ffamorbach.de\/index.php\/wp-json\/wp\/v2\/pages\/15","targetHints":{"allow":["GET"]}}],"collection":[{"href":"https:\/\/ffamorbach.de\/index.php\/wp-json\/wp\/v2\/pages"}],"about":[{"href":"https:\/\/ffamorbach.de\/index.php\/wp-json\/wp\/v2\/types\/page"}],"author":[{"embeddable":true,"href":"https:\/\/ffamorbach.de\/index.php\/wp-json\/wp\/v2\/users\/1"}],"replies":[{"embeddable":true,"href":"https:\/\/ffamorbach.de\/index.php\/wp-json\/wp\/v2\/comments?post=15"}],"version-history":[{"count":26,"href":"https:\/\/ffamorbach.de\/index.php\/wp-json\/wp\/v2\/pages\/15\/revisions"}],"predecessor-version":[{"id":3854,"href":"https:\/\/ffamorbach.de\/index.php\/wp-json\/wp\/v2\/pages\/15\/revisions\/3854"}],"wp:attachment":[{"href":"https:\/\/ffamorbach.de\/index.php\/wp-json\/wp\/v2\/media?parent=15"}],"curies":[{"name":"wp","href":"https:\/\/api.w.org\/{rel}","templated":true}]}}